{"id":1502,"date":"2023-05-30T15:37:35","date_gmt":"2023-05-30T15:37:35","guid":{"rendered":"https:\/\/morkie.qodeinteractive.com\/?page_id=1502"},"modified":"2026-04-03T08:21:36","modified_gmt":"2026-04-03T08:21:36","slug":"contact-us","status":"publish","type":"page","link":"https:\/\/aidiessaouira.com\/en\/contact-us\/","title":{"rendered":"Contact us"},"content":{"rendered":"<div data-elementor-type=\"wp-page\" data-elementor-id=\"1502\" class=\"elementor elementor-1502\">\n\t\t\t\t<div class=\"elementor-element elementor-element-3a51683 e-con-full e-flex e-con e-parent\" data-id=\"3a51683\" data-element_type=\"container\" data-e-type=\"container\">\n\t\t<div class=\"elementor-element elementor-element-6b75318 e-con-full e-flex e-con e-child\" data-id=\"6b75318\" data-element_type=\"container\" data-e-type=\"container\" data-settings=\"{&quot;background_background&quot;:&quot;classic&quot;}\">\n\t\t\t\t<div class=\"elementor-element elementor-element-9d662b4 elementor-widget elementor-widget-morkie_core_google_map\" data-id=\"9d662b4\" data-element_type=\"widget\" data-e-type=\"widget\" data-widget_type=\"morkie_core_google_map.default\">\n\t\t\t\t<div class=\"elementor-widget-container\">\n\t\t\t\t\t<div class=\"qodef-shortcode qodef-m qodef-google-map\">\n\t<div class=\"qodef-m-map\" id=\"qodef-map-id--601\" data-addresses='[\"https:\/\/www.google.com\/maps\/place\/42-60+Cornelison+Ave,+Jersey+City,+NJ+07304,+%D0%A1%D1%98%D0%B5%D0%B4%D0%B8%D1%9A%D0%B5%D0%BD%D0%B5+%D0%94%D1%80%D0%B6%D0%B0%D0%B2%D0%B5\/@40.7179082,-74.0679764,17z\/data=!3m1!4b1!4m15!1m8!3m7!1s0x89c24fa5d33f083b:0xc80b8f06e177fe62!2z0IrRg9GY0L7RgNC6LCDQodGY0LXQtNC40ZrQtdC90LUg0JTRgNC20LDQstC1!3b1!8m2!3d40.7127753!4d-74.0059728!16zL20vMDJfMjg2!3m5!1s0x89c250d00f75be55:0xd1872f1cfefb8cf!8m2!3d40.7179052!4d-74.0660474!16s%2Fg%2F11g64qlqn1?entry=ttu\"]' data-pin=\"https:\/\/aidiessaouira.com\/wp-content\/uploads\/2023\/10\/map-pin.png\" data-unique-id=\"601\" data-height=\"680\"><\/div>\n<\/div>\n\t\t\t\t<\/div>\n\t\t\t\t<\/div>\n\t\t\t\t<\/div>\n\t\t\t\t<\/div>\n\t\t<div class=\"elementor-element elementor-element-50321b3 e-con-full qodef-elementor-content-grid e-flex e-con e-parent\" data-id=\"50321b3\" data-element_type=\"container\" data-e-type=\"container\">\n\t\t<div class=\"elementor-element elementor-element-38267b8 e-con-full e-flex e-con e-child\" data-id=\"38267b8\" data-element_type=\"container\" data-e-type=\"container\">\n\t\t<div class=\"elementor-element elementor-element-71042a3 e-con-full qodef--has-custom-underline e-flex e-con e-child\" data-id=\"71042a3\" data-element_type=\"container\" data-e-type=\"container\">\n\t\t\t\t<div class=\"elementor-element elementor-element-17fcf2b elementor-widget elementor-widget-morkie_core_section_title\" data-id=\"17fcf2b\" data-element_type=\"widget\" data-e-type=\"widget\" data-widget_type=\"morkie_core_section_title.default\">\n\t\t\t\t<div class=\"elementor-widget-container\">\n\t\t\t\t\t<div class=\"qodef-shortcode qodef-m qodef-section-title qodef-alignment--left\" >\n\t\t\t<h3 class=\"qodef-m-title\" >\n\t\t\t\t\tContactez- nous\t\t\t<\/h3>\n\t\t<span class=\"qodef-m-subtitle\" style=\"margin-top: 10px\">\n\t\tRemplissez ce formulaire et notre \u00e9quipe vous r\u00e9pondra rapidement avec des solutions adapt\u00e9es \u00e0 votre toutou pr\u00e9f\u00e9r\u00e9.\nQue ce soit pour une commande personnalis\u00e9e, une question produit ou un besoin sp\u00e9cifique, on est l\u00e0 pour vous aider !\t<\/span>\n\t<\/div>\n\t\t\t\t<\/div>\n\t\t\t\t<\/div>\n\t\t\t\t<div class=\"elementor-element elementor-element-f30af12 elementor-widget elementor-widget-morkie_core_custom_font\" data-id=\"f30af12\" data-element_type=\"widget\" data-e-type=\"widget\" data-widget_type=\"morkie_core_custom_font.default\">\n\t\t\t\t<div class=\"elementor-widget-container\">\n\t\t\t\t\t<h6 class=\"qodef-shortcode qodef-m qodef-custom-font qodef-custom-font-354 qodef-layout--simple\" style=\"font-size: 16px\">Contact Info<\/h6>\n\t\t\t\t<\/div>\n\t\t\t\t<\/div>\n\t\t\t\t<div class=\"elementor-element elementor-element-844906c elementor-widget elementor-widget-text-editor\" data-id=\"844906c\" data-element_type=\"widget\" data-e-type=\"widget\" data-widget_type=\"text-editor.default\">\n\t\t\t\t\t\t\t\t\t<div id=\"block-27\" class=\"widget widget_block widget_text qodef-top-bar-widget\">\n\n<a href=\"tel:212711724515\">\u202a+212 711724515<\/a>\n\n<\/div>\t\t\t\t\t\t\t\t<\/div>\n\t\t\t\t<div class=\"elementor-element elementor-element-8521dbe elementor-widget elementor-widget-text-editor\" data-id=\"8521dbe\" data-element_type=\"widget\" data-e-type=\"widget\" data-widget_type=\"text-editor.default\">\n\t\t\t\t\t\t\t\t\t<p><a href=\"mailto:contact@aidiessaouira.com\">contact@aidiessaouira.com<\/a><\/p>\t\t\t\t\t\t\t\t<\/div>\n\t\t\t\t<div class=\"elementor-element elementor-element-0111e98 elementor-widget elementor-widget-text-editor\" data-id=\"0111e98\" data-element_type=\"widget\" data-e-type=\"widget\" data-widget_type=\"text-editor.default\">\n\t\t\t\t\t\t\t\t\t<p>Essaouira<\/p>\t\t\t\t\t\t\t\t<\/div>\n\t\t\t\t<\/div>\n\t\t<div class=\"elementor-element elementor-element-119ff4e e-con-full e-flex e-con e-child\" data-id=\"119ff4e\" data-element_type=\"container\" data-e-type=\"container\">\n\t\t\t\t<div class=\"elementor-element elementor-element-f8b621d elementor-widget__width-inherit elementor-widget elementor-widget-wp-widget-morkie_core_contact_form_7\" data-id=\"f8b621d\" data-element_type=\"widget\" data-e-type=\"widget\" data-widget_type=\"wp-widget-morkie_core_contact_form_7.default\">\n\t\t\t\t<div class=\"elementor-widget-container\">\n\t\t\t\t\t\t\t\t<div class=\"qodef-contact-form-7\" >\n\t\t\t\t\n<div class=\"wpcf7 no-js\" id=\"wpcf7-f1081-o1\" lang=\"en-US\" dir=\"ltr\" data-wpcf7-id=\"1081\">\n<div class=\"screen-reader-response\"><p role=\"status\" aria-live=\"polite\" aria-atomic=\"true\"><\/p> <ul><\/ul><\/div>\n<form action=\"\/en\/wp-json\/wp\/v2\/pages\/1502#wpcf7-f1081-o1\" method=\"post\" class=\"wpcf7-form init demo\" aria-label=\"Contact form\" novalidate=\"novalidate\" data-status=\"init\" data-trp-original-action=\"\/en\/wp-json\/wp\/v2\/pages\/1502#wpcf7-f1081-o1\">\n<fieldset class=\"hidden-fields-container\"><input type=\"hidden\" name=\"_wpcf7\" value=\"1081\" \/><input type=\"hidden\" name=\"_wpcf7_version\" value=\"6.1.4\" \/><input type=\"hidden\" name=\"_wpcf7_locale\" value=\"en_US\" \/><input type=\"hidden\" name=\"_wpcf7_unit_tag\" value=\"wpcf7-f1081-o1\" \/><input type=\"hidden\" name=\"_wpcf7_container_post\" value=\"0\" \/><input type=\"hidden\" name=\"_wpcf7_posted_data_hash\" value=\"\" \/>\n<\/fieldset>\n<span class=\"wpcf7-form-control-wrap\" data-name=\"your-email\"><input size=\"40\" maxlength=\"400\" class=\"wpcf7-form-control wpcf7-email wpcf7-validates-as-required wpcf7-text wpcf7-validates-as-email\" aria-required=\"true\" aria-invalid=\"false\" placeholder=\"Your E-mail\" value=\"\" type=\"email\" name=\"your-email\" \/><\/span>\n\n<span class=\"wpcf7-form-control-wrap\" data-name=\"your-name\"><input size=\"40\" maxlength=\"400\" class=\"wpcf7-form-control wpcf7-text wpcf7-validates-as-required\" aria-required=\"true\" aria-invalid=\"false\" placeholder=\"Your Name\" value=\"\" type=\"text\" name=\"your-name\" \/><\/span>\n\n<span class=\"wpcf7-form-control-wrap\" data-name=\"your-subject\"><input size=\"40\" maxlength=\"400\" class=\"wpcf7-form-control wpcf7-text wpcf7-validates-as-required\" aria-required=\"true\" aria-invalid=\"false\" placeholder=\"Subject\" value=\"\" type=\"text\" name=\"your-subject\" \/><\/span>\n\n<span class=\"wpcf7-form-control-wrap\" data-name=\"your-message\"><textarea cols=\"40\" rows=\"10\" maxlength=\"2000\" class=\"wpcf7-form-control wpcf7-textarea wpcf7-validates-as-required\" aria-required=\"true\" aria-invalid=\"false\" placeholder=\"Message...\" name=\"your-message\"><\/textarea><\/span>\n\n<button class=\"wpcf7-form-control wpcf7-submit qodef-button qodef-size--normal qodef-m\" type=\"submit\"><span class=\"qodef-m-text\">Submit<\/span><\/button><div class=\"wpcf7-response-output\" aria-hidden=\"true\"><\/div>\n<input type=\"hidden\" name=\"trp-form-language\" value=\"en\"\/><\/form>\n<\/div>\n\t\t\t<\/div>\n\t\t\t\t\t\t\t<\/div>\n\t\t\t\t<\/div>\n\t\t\t\t<\/div>\n\t\t\t\t<\/div>\n\t\t\t\t<\/div>\n\t\t<div class=\"elementor-element elementor-element-b45b8a6 e-flex e-con-boxed e-con e-parent\" data-id=\"b45b8a6\" data-element_type=\"container\" data-e-type=\"container\">\n\t\t\t\t\t<div class=\"e-con-inner\">\n\t\t\t\t<div class=\"elementor-element elementor-element-655427e elementor-widget elementor-widget-google_maps\" data-id=\"655427e\" data-element_type=\"widget\" data-e-type=\"widget\" data-widget_type=\"google_maps.default\">\n\t\t\t\t\t\t\t<div class=\"elementor-custom-embed\">\n\t\t\t<iframe loading=\"lazy\"\n\t\t\t\t\tsrc=\"https:\/\/maps.google.com\/maps?q=31.500321752448755%2C%20-9.753313590769586&#038;t=m&#038;z=14&#038;output=embed&#038;iwloc=near\"\n\t\t\t\t\ttitle=\"31.500321752448755, -9.753313590769586\"\n\t\t\t\t\taria-label=\"31.500321752448755, -9.753313590769586\"\n\t\t\t><\/iframe>\n\t\t<\/div>\n\t\t\t\t\t\t<\/div>\n\t\t\t\t\t<\/div>\n\t\t\t\t<\/div>\n\t\t\t\t<\/div>","protected":false},"excerpt":{"rendered":"<p>Contactez- nous Remplissez ce formulaire et notre \u00e9quipe vous r\u00e9pondra rapidement avec des solutions adapt\u00e9es \u00e0 votre toutou pr\u00e9f\u00e9r\u00e9. Que ce soit pour une commande personnalis\u00e9e, une question produit ou un besoin sp\u00e9cifique, on est l\u00e0 pour vous aider ! Contact Info \u202a+212 711724515 contact@aidiessaouira.com Essaouira<\/p>","protected":false},"author":1,"featured_media":0,"parent":0,"menu_order":0,"comment_status":"closed","ping_status":"closed","template":"page-full-width.php","meta":{"om_disable_all_campaigns":false,"_monsterinsights_skip_tracking":false,"_monsterinsights_sitenote_active":false,"_monsterinsights_sitenote_note":"","_monsterinsights_sitenote_category":0,"footnotes":""},"class_list":["post-1502","page","type-page","status-publish","hentry"],"aioseo_notices":[],"_links":{"self":[{"href":"https:\/\/aidiessaouira.com\/en\/wp-json\/wp\/v2\/pages\/1502","targetHints":{"allow":["GET"]}}],"collection":[{"href":"https:\/\/aidiessaouira.com\/en\/wp-json\/wp\/v2\/pages"}],"about":[{"href":"https:\/\/aidiessaouira.com\/en\/wp-json\/wp\/v2\/types\/page"}],"author":[{"embeddable":true,"href":"https:\/\/aidiessaouira.com\/en\/wp-json\/wp\/v2\/users\/1"}],"replies":[{"embeddable":true,"href":"https:\/\/aidiessaouira.com\/en\/wp-json\/wp\/v2\/comments?post=1502"}],"version-history":[{"count":30,"href":"https:\/\/aidiessaouira.com\/en\/wp-json\/wp\/v2\/pages\/1502\/revisions"}],"predecessor-version":[{"id":21928,"href":"https:\/\/aidiessaouira.com\/en\/wp-json\/wp\/v2\/pages\/1502\/revisions\/21928"}],"wp:attachment":[{"href":"https:\/\/aidiessaouira.com\/en\/wp-json\/wp\/v2\/media?parent=1502"}],"curies":[{"name":"wp","href":"https:\/\/api.w.org\/{rel}","templated":true}]}}