{"id":1562,"date":"2023-05-30T16:42:13","date_gmt":"2023-05-30T16:42:13","guid":{"rendered":"https:\/\/morkie.qodeinteractive.com\/?page_id=1562"},"modified":"2025-08-29T16:14:41","modified_gmt":"2025-08-29T16:14:41","slug":"faq","status":"publish","type":"page","link":"https:\/\/aidiessaouira.com\/en\/faq\/","title":{"rendered":"FAQ"},"content":{"rendered":"<div data-elementor-type=\"wp-page\" data-elementor-id=\"1562\" class=\"elementor elementor-1562\">\n\t\t\t\t<div class=\"elementor-element elementor-element-2db35a3 e-con-full e-flex e-con e-parent\" data-id=\"2db35a3\" data-element_type=\"container\" data-e-type=\"container\">\n\t\t\t\t<div class=\"elementor-element elementor-element-fa31963 elementor-widget elementor-widget-morkie_core_section_title\" data-id=\"fa31963\" data-element_type=\"widget\" data-e-type=\"widget\" data-widget_type=\"morkie_core_section_title.default\">\n\t\t\t\t<div class=\"elementor-widget-container\">\n\t\t\t\t\t<div class=\"qodef-shortcode qodef-m qodef-section-title qodef-alignment--left\" >\n\t\t\t<h3 class=\"qodef-m-title\" style=\"margin-top: 0px\">\n\t\t\t\t\tQuestions fr\u00e9quentes<br \/>\t\t\t<\/h3>\n\t\t\t<div class=\"qodef-m-text\" style=\"margin-top: 20px\"><p>Vous avez des questions sur nos produits pour chiens ou nos parfums\u202f? Vous \u00eates au bon endroit\u202f!<br \/>Nous avons rassembl\u00e9 les r\u00e9ponses aux questions les plus fr\u00e9quentes pour vous aider \u00e0 choisir, utiliser et profiter pleinement de nos produits.<br \/>Si vous ne trouvez pas la r\u00e9ponse \u00e0 votre question, n\u2019h\u00e9sitez pas \u00e0 nous contacter\u202f: nous serons ravis de vous aider.<\/p><\/div>\n<\/div>\n\t\t\t\t<\/div>\n\t\t\t\t<\/div>\n\t\t\t\t<div class=\"elementor-element elementor-element-cbec19f elementor-widget elementor-widget-morkie_core_accordion\" data-id=\"cbec19f\" data-element_type=\"widget\" data-e-type=\"widget\" data-widget_type=\"morkie_core_accordion.default\">\n\t\t\t\t<div class=\"elementor-widget-container\">\n\t\t\t\t\t<div class=\"qodef-shortcode qodef-m qodef-accordion clear qodef-behavior--accordion qodef-layout--simple\" >\n\t<h6 class=\"qodef-accordion-title\">\n\t<span class=\"qodef-tab-title\">Comment choisir la taille de collier ou de gamelle pour mon chien ?<\/span>\n\t<span class=\"qodef-accordion-mark\">\n\t\t<svg class=\"qodef-svg--chevron-down\" xmlns=\"https:\/\/www.w3.org\/2000\/svg\" width=\"512\" height=\"512\" viewbox=\"0 0 512 512\"><polyline points=\"112 184 256 328 400 184\" style=\"fill:none;stroke:currentColor;stroke-linecap:round;stroke-linejoin:round;stroke-width:48px\"\/><\/svg>\t<\/span>\n<\/h6>\n<div class=\"qodef-accordion-content\">\n\t<div class=\"qodef-accordion-content-inner\">\n\t\t<p>Pour les colliers, mesurez le tour de cou de votre chien et choisissez la taille correspondante (S, M, L, XL). Pour les gamelles, consid\u00e9rez la taille et l\u2019app\u00e9tit de votre chien : petite gamelle pour les petits chiens, grande pour les grands.<\/p>\t<\/div>\n<\/div>\n<h6 class=\"qodef-accordion-title\">\n\t<span class=\"qodef-tab-title\">Le ramasse-crotte en tissu est-il lavable ?<\/span>\n\t<span class=\"qodef-accordion-mark\">\n\t\t<svg class=\"qodef-svg--chevron-down\" xmlns=\"https:\/\/www.w3.org\/2000\/svg\" width=\"512\" height=\"512\" viewbox=\"0 0 512 512\"><polyline points=\"112 184 256 328 400 184\" style=\"fill:none;stroke:currentColor;stroke-linecap:round;stroke-linejoin:round;stroke-width:48px\"\/><\/svg>\t<\/span>\n<\/h6>\n<div class=\"qodef-accordion-content\">\n\t<div class=\"qodef-accordion-content-inner\">\n\t\t<p>Oui, il est enti\u00e8rement lavable et r\u00e9utilisable, une alternative \u00e9cologique aux sacs plastiques jetables.<\/p>\t<\/div>\n<\/div>\n<h6 class=\"qodef-accordion-title\">\n\t<span class=\"qodef-tab-title\">Les coussins et gamelles sont-ils faciles \u00e0 nettoyer ?<\/span>\n\t<span class=\"qodef-accordion-mark\">\n\t\t<svg class=\"qodef-svg--chevron-down\" xmlns=\"https:\/\/www.w3.org\/2000\/svg\" width=\"512\" height=\"512\" viewbox=\"0 0 512 512\"><polyline points=\"112 184 256 328 400 184\" style=\"fill:none;stroke:currentColor;stroke-linecap:round;stroke-linejoin:round;stroke-width:48px\"\/><\/svg>\t<\/span>\n<\/h6>\n<div class=\"qodef-accordion-content\">\n\t<div class=\"qodef-accordion-content-inner\">\n\t\t<p>Oui ! Nos coussins sont d\u00e9houssables et lavables en machine. Nos gamelles en poterie se nettoient facilement \u00e0 l\u2019eau ti\u00e8de savonneuse.<\/p>\t<\/div>\n<\/div>\n<h6 class=\"qodef-accordion-title\">\n\t<span class=\"qodef-tab-title\">Les produits sont-ils adapt\u00e9s \u00e0 tous types de chiens ?<\/span>\n\t<span class=\"qodef-accordion-mark\">\n\t\t<svg class=\"qodef-svg--chevron-down\" xmlns=\"https:\/\/www.w3.org\/2000\/svg\" width=\"512\" height=\"512\" viewbox=\"0 0 512 512\"><polyline points=\"112 184 256 328 400 184\" style=\"fill:none;stroke:currentColor;stroke-linecap:round;stroke-linejoin:round;stroke-width:48px\"\/><\/svg>\t<\/span>\n<\/h6>\n<div class=\"qodef-accordion-content\">\n\t<div class=\"qodef-accordion-content-inner\">\n\t\t<p>Oui, nos colliers, laisses, gamelles et coussins sont con\u00e7us pour convenir \u00e0 toutes les races et tailles, avec plusieurs options disponibles.<\/p>\t<\/div>\n<\/div>\n<\/div>\n\t\t\t\t<\/div>\n\t\t\t\t<\/div>\n\t\t\t\t<\/div>\n\t\t\t\t<\/div>","protected":false},"excerpt":{"rendered":"<p>Questions fr\u00e9quentes Vous avez des questions sur nos produits pour chiens ou nos parfums\u202f? Vous \u00eates au bon endroit\u202f!Nous avons rassembl\u00e9 les r\u00e9ponses aux questions les plus fr\u00e9quentes pour vous aider \u00e0 choisir, utiliser et profiter pleinement de nos produits.Si vous ne trouvez pas la r\u00e9ponse \u00e0 votre question, n\u2019h\u00e9sitez pas \u00e0 nous contacter\u202f: nous [&hellip;]<\/p>","protected":false},"author":1,"featured_media":0,"parent":0,"menu_order":0,"comment_status":"closed","ping_status":"closed","template":"","meta":{"om_disable_all_campaigns":false,"_monsterinsights_skip_tracking":false,"_monsterinsights_sitenote_active":false,"_monsterinsights_sitenote_note":"","_monsterinsights_sitenote_category":0,"footnotes":""},"class_list":["post-1562","page","type-page","status-publish","hentry"],"aioseo_notices":[],"_links":{"self":[{"href":"https:\/\/aidiessaouira.com\/en\/wp-json\/wp\/v2\/pages\/1562","targetHints":{"allow":["GET"]}}],"collection":[{"href":"https:\/\/aidiessaouira.com\/en\/wp-json\/wp\/v2\/pages"}],"about":[{"href":"https:\/\/aidiessaouira.com\/en\/wp-json\/wp\/v2\/types\/page"}],"author":[{"embeddable":true,"href":"https:\/\/aidiessaouira.com\/en\/wp-json\/wp\/v2\/users\/1"}],"replies":[{"embeddable":true,"href":"https:\/\/aidiessaouira.com\/en\/wp-json\/wp\/v2\/comments?post=1562"}],"version-history":[{"count":6,"href":"https:\/\/aidiessaouira.com\/en\/wp-json\/wp\/v2\/pages\/1562\/revisions"}],"predecessor-version":[{"id":7270,"href":"https:\/\/aidiessaouira.com\/en\/wp-json\/wp\/v2\/pages\/1562\/revisions\/7270"}],"wp:attachment":[{"href":"https:\/\/aidiessaouira.com\/en\/wp-json\/wp\/v2\/media?parent=1562"}],"curies":[{"name":"wp","href":"https:\/\/api.w.org\/{rel}","templated":true}]}}