{"id":3215,"date":"2023-06-19T15:18:37","date_gmt":"2023-06-19T15:18:37","guid":{"rendered":"https:\/\/morkie.qodeinteractive.com\/?page_id=3215"},"modified":"2025-09-30T12:07:42","modified_gmt":"2025-09-30T12:07:42","slug":"about-us","status":"publish","type":"page","link":"https:\/\/aidiessaouira.com\/en\/about-us\/","title":{"rendered":"\u00c0 Propos"},"content":{"rendered":"<div data-elementor-type=\"wp-page\" data-elementor-id=\"3215\" class=\"elementor elementor-3215\">\n\t\t\t\t<div class=\"elementor-element elementor-element-72a3f10 e-flex e-con-boxed e-con e-parent\" data-id=\"72a3f10\" data-element_type=\"container\" data-e-type=\"container\">\n\t\t\t\t\t<div class=\"e-con-inner\">\n\t\t\t\t<div class=\"elementor-element elementor-element-7fd8b25 elementor-widget elementor-widget-html\" data-id=\"7fd8b25\" data-element_type=\"widget\" data-e-type=\"widget\" data-widget_type=\"html.default\">\n\t\t\t\t\t<!DOCTYPE html>\r\n<html lang=\"fr\">\r\n\r\n<head>\r\n    <meta charset=\"UTF-8\">\r\n    <meta name=\"viewport\" content=\"width=device-width, initial-scale=1.0\">\r\n    <title>A\u00efDi \u2013 L\u2019\u00e2me d\u2019Essaouira<\/title>\r\n    <link rel=\"stylesheet\" href=\"https:\/\/cdnjs.cloudflare.com\/ajax\/libs\/font-awesome\/6.4.0\/css\/all.min.css\">\r\n    <style>\r\n        * {\r\n            margin: 0;\r\n            padding: 0;\r\n            box-sizing: border-box;\r\n            font-family: 'Segoe UI', Tahoma, Geneva, Verdana, sans-serif;\r\n        }\r\n\r\n        body {\r\n            background-color: #000000;\r\n            color: #fff;\r\n            line-height: 1.6;\r\n        }\r\n\r\n        html, body {\r\n            overflow-x: hidden;\r\n        }\r\n\r\n        .container {\r\n            max-width: 1200px;\r\n            margin: 0 auto;\r\n            padding: 40px 20px;\r\n        }\r\n\r\n        .hero-section {\r\n            padding: 40px 0px;\r\n            min-height: 80vh;\r\n            display: flex;\r\n            align-items: center;\r\n            \/*  background: linear-gradient(rgba(0, 0, 0, 0.7), rgba(0, 0, 0, 0.7)), url('http:\/\/aidiessaouira.com\/wp-content\/uploads\/2025\/09\/WhatsApp-Image-2025-09-18-at-18.10.40_f3bcf432.jpg') no-repeat center center\/cover;\r\n            border-radius: 12px;\r\n            overflow: hidden;\r\n            margin-bottom: 50px; *\/\r\n        }\r\n\r\n        .hero-section::before {\r\n            content: \"\";\r\n            position: absolute;\r\n            top: 0;\r\n            left: -45em;\r\n            width: 250%;\r\n            height: 70%;\r\n            background: linear-gradient(rgb(0 0 0 \/ 37%), rgb(0 0 0 \/ 62%)), url(http:\/\/aidiessaouira.com\/wp-content\/uploads\/2025\/09\/WhatsApp-Image-2025-09-18-at-18.10.40_f3bcf432.jpg) no-repeat center center \/ cover;\r\n            z-index: -1;\r\n        }\r\n\r\n\r\n\r\n        .hero-content {\r\n            max-width: 800px;\r\n            z-index: 2;\r\n        }\r\n\r\n        .hero-content h1 {\r\n            font-size: 2rem;\r\n            margin-bottom: 20px;\r\n            color: #ffffff;\r\n            font-weight: 800;\r\n            line-height: 1.2;\r\n        }\r\n\r\n        .hero-content h2 {\r\n            font-size: 20px;\r\n            margin-bottom: 25px;\r\n            color: #fff;\r\n            font-weight: 400;\r\n        }\r\n\r\n        p {\r\n            text-align: justify !important;\r\n        }\r\n\r\n        .hero-content p {\r\n            font-size: 16px;\r\n            margin-bottom: 15px;\r\n        }\r\n\r\n        .highlight {\r\n            color: #ffffff;\r\n            font-weight: 800;\r\n        }\r\n\r\n        .products-section {\r\n            padding: 40px 0;\r\n        }\r\n\r\n        .section-title {\r\n            text-align: center;\r\n            margin-bottom: 40px;\r\n        }\r\n\r\n        .section-title h3 {\r\n            font-size: 2rem;\r\n            color: #d4af37;\r\n            margin-bottom: 15px;\r\n        }\r\n\r\n        .section-title p {\r\n            color: #ccc;\r\n            max-width: 600px;\r\n            margin: 0 auto;\r\n        }\r\n\r\n        .product-grid {\r\n            display: grid;\r\n            grid-template-columns: repeat(3, 1fr);\r\n            gap: 30px;\r\n        }\r\n\r\n        .product-card {\r\n            background: #111;\r\n            border-radius: 8px;\r\n            overflow: hidden;\r\n            transition: transform 0.3s ease;\r\n        }\r\n\r\n        .product-card:hover {\r\n            transform: translateY(-10px);\r\n        }\r\n\r\n        .product-img {\r\n            height: 250px;\r\n            overflow: hidden;\r\n        }\r\n\r\n        .product-img img {\r\n            width: 100%;\r\n            height: 100%;\r\n            object-fit: cover;\r\n            transition: transform 0.5s ease;\r\n        }\r\n\r\n        .product-card:hover .product-img img {\r\n            transform: scale(1.05);\r\n        }\r\n\r\n        .product-info {\r\n            padding: 20px;\r\n            text-align: center;\r\n        }\r\n\r\n        .product-info h4 {\r\n            font-size: 1.3rem;\r\n            margin-bottom: 10px;\r\n            color: #d4af37;\r\n        }\r\n\r\n        .product-info p {\r\n            color: #ccc;\r\n            margin-bottom: 15px;\r\n        }\r\n\r\n        .btn {\r\n            display: inline-block;\r\n            padding: 10px 20px;\r\n            background: #d4af37;\r\n            color: #000;\r\n            text-decoration: none;\r\n            border-radius: 4px;\r\n            font-weight: 600;\r\n            transition: background 0.3s ease;\r\n        }\r\n\r\n        .btn:hover {\r\n            background: #c19b2e;\r\n        }\r\n\r\n        .footer {\r\n            text-align: center;\r\n            padding: 30px 0;\r\n            border-top: 1px solid #333;\r\n            margin-top: 50px;\r\n            color: #999;\r\n            font-size: 0.9rem;\r\n        }\r\n\r\n        @media (max-width: 992px) {\r\n            .product-grid {\r\n                grid-template-columns: repeat(2, 1fr);\r\n            }\r\n        }\r\n\r\n        @media (max-width: 768px) {\r\n            .hero-content {\r\n                padding: 10px;\r\n            }\r\n\r\n            .hero-content h1 {\r\n                font-size: 2.2rem;\r\n            }\r\n\r\n            .product-grid {\r\n                grid-template-columns: 1fr;\r\n            }\r\n\r\n            .hero-section::before {\r\n                left: 0;\r\n            }\r\n        }\r\n    <\/style>\r\n<\/head>\r\n\r\n<body>\r\n    <div class=\"container\">\r\n        <div class=\"hero-section\">\r\n            <div class=\"hero-content\">\r\n                <h1>A\u00efDi  \u2013 L\u2019\u00e2me d\u2019Essaouira, d\u00e9di\u00e9e \u00e0 vos compagnons<\/h1>\r\n                <h2><span class=\"highlight\">A\u00efDi  Essaouira<\/span> est n\u00e9e d\u2019un souffle, d\u2019une inspiration venue du Maroc, d\u2019Essaouira et de la\r\n                    culture amazig\u00e8re.<\/h2>\r\n                <p>A\u00efDi, le mot berb\u00e8re pour \"<span class=\"highlight\">chien<\/span>\", incarne notre amour profond pour\r\n                    ces compagnons fid\u00e8les qui illuminent nos vies.<\/p>\r\n                <p>Nous c\u00e9l\u00e9brons le lien unique entre l\u2019humain et son compagnon \u00e0 quatre pattes \u00e0 travers une gamme de\r\n                    soins et d\u2019accessoires haut de gamme, con\u00e7us avec passion \u00e0 <span\r\n                        class=\"highlight\">Essaouira<\/span>.<\/p>\r\n                <p>Nos <span class=\"highlight\">shampoings, parfums et cosm\u00e9tiques pour chiens<\/span> sont formul\u00e9s\r\n                    localement, avec des ingr\u00e9dients naturels soigneusement s\u00e9lectionn\u00e9s. L\u2019huile d\u2019argan, tr\u00e9sor\r\n                    embl\u00e9matique de notre r\u00e9gion, enrichit nos produits pour offrir \u00e0 votre animal douceur, hydratation\r\n                    et \u00e9clat tout en respectant sa peau et son bien-\u00eatre.<\/p>\r\n                <p>Mais A\u00efDi, c\u2019est aussi une <span class=\"highlight\">collection d\u2019accessoires<\/span> \u00e9l\u00e9gants et\r\n                    durables : <span class=\"highlight\">colliers, m\u00e9dailles, paniers, gamelles<\/span>... Chaque pi\u00e8ce est\r\n                    r\u00e9alis\u00e9e en collaboration avec des artisans locaux, dans une d\u00e9marche responsable et sans\r\n                    interm\u00e9diaires, pour garantir <span class=\"highlight\">une qualit\u00e9 irr\u00e9prochable<\/span> et valoriser\r\n                    le savoir-faire marocain.<\/p>\r\n                <p>Bas\u00e9s \u00e0 Essaouira, nous mettons l\u2019authenticit\u00e9, la proximit\u00e9 et l\u2019excellence au c\u0153ur de notre\r\n                    d\u00e9marche. Offrez \u00e0 votre chien ce qu\u2019il y a de meilleur parce qu\u2019il le m\u00e9rite, vivant au c\u0153ur de\r\n                    chaque cr\u00e9ation. Chez A\u00efDi, le soin devient un art, et chaque produit une d\u00e9claration d\u2019amour \u00e0\r\n                    votre compagnon.<\/p>\r\n            <\/div>\r\n        <\/div>\r\n\r\n        <div class=\"products-section\">\r\n            <!-- <div class=\"section-title\">\r\n                <h3>Nos Produits Phares<\/h3>\r\n                <p>D\u00e9couvrez notre s\u00e9lection de produits de qualit\u00e9 sup\u00e9rieure pour le bien-\u00eatre de votre animal<\/p>\r\n            <\/div> -->\r\n\r\n            <div class=\"product-grid\">\r\n                <div class=\"product-card\">\r\n                    <div class=\"product-img\">\r\n                        <img decoding=\"async\" src=\"http:\/\/aidiessaouira.com\/wp-content\/uploads\/2025\/09\/WhatsApp-Image-2025-09-18-at-18.10.40_dc215a5f.jpg\"\r\n                            alt=\"Shampoing naturel\">\r\n                    <\/div>\r\n                    <!-- <div class=\"product-info\">\r\n                        <h4>Shampoing Naturel<\/h4>\r\n                        <p>Formul\u00e9 \u00e0 l'huile d'argan pour une fourrure brillante et saine<\/p>\r\n                        <a href=\"#\" class=\"btn\">D\u00e9couvrir<\/a>\r\n                    <\/div> -->\r\n                <\/div>\r\n\r\n                <div class=\"product-card\">\r\n                    <div class=\"product-img\">\r\n                        <img decoding=\"async\" src=\"http:\/\/aidiessaouira.com\/wp-content\/uploads\/2025\/09\/WhatsApp-Image-2025-09-18-at-18.10.41_e0a7f2bd.jpg\"\r\n                            alt=\"Colliers artisanaux\">\r\n                    <\/div>\r\n                    <!-- <div class=\"product-info\">\r\n                        <h4>Colliers Artisanaux<\/h4>\r\n                        <p>R\u00e9alis\u00e9s main par des artisans locaux avec des mat\u00e9riaux nobles<\/p>\r\n                        <a href=\"#\" class=\"btn\">D\u00e9couvrir<\/a>\r\n                    <\/div> -->\r\n                <\/div>\r\n\r\n                <div class=\"product-card\">\r\n                    <div class=\"product-img\">\r\n                        <img decoding=\"async\" src=\"http:\/\/aidiessaouira.com\/wp-content\/uploads\/2025\/08\/33-scaled.png\"\r\n                            alt=\"Parfums naturels\">\r\n                    <\/div>\r\n                    <!--  <div class=\"product-info\">\r\n                        <h4>Parfums Naturels<\/h4>\r\n                        <p>Des fragrances subtiles \u00e0 base d'ingr\u00e9dients naturels<\/p>\r\n                        <a href=\"#\" class=\"btn\">D\u00e9couvrir<\/a>\r\n                    <\/div> -->\r\n                <\/div>\r\n            <\/div>\r\n        <\/div>\r\n\r\n\r\n    <\/div>\r\n<\/body>\r\n\r\n<\/html>\t\t\t\t<\/div>\n\t\t\t\t\t<\/div>\n\t\t\t\t<\/div>\n\t\t\t\t<\/div>","protected":false},"excerpt":{"rendered":"<p>A\u00efDi \u2013 L\u2019\u00e2me d\u2019Essaouira A\u00efDi \u2013 L\u2019\u00e2me d\u2019Essaouira, d\u00e9di\u00e9e \u00e0 vos compagnons A\u00efDi Essaouira est n\u00e9e d\u2019un souffle, d\u2019une inspiration venue du Maroc, d\u2019Essaouira et de la culture amazig\u00e8re. A\u00efDi, le mot berb\u00e8re pour \u00ab\u00a0chien\u00a0\u00bb, incarne notre amour profond pour ces compagnons fid\u00e8les qui illuminent nos vies. Nous c\u00e9l\u00e9brons le lien unique entre l\u2019humain et [&hellip;]<\/p>","protected":false},"author":1,"featured_media":0,"parent":0,"menu_order":0,"comment_status":"closed","ping_status":"closed","template":"page-full-width.php","meta":{"om_disable_all_campaigns":false,"_monsterinsights_skip_tracking":false,"_monsterinsights_sitenote_active":false,"_monsterinsights_sitenote_note":"","_monsterinsights_sitenote_category":0,"footnotes":""},"class_list":["post-3215","page","type-page","status-publish","hentry"],"aioseo_notices":[],"_links":{"self":[{"href":"https:\/\/aidiessaouira.com\/en\/wp-json\/wp\/v2\/pages\/3215","targetHints":{"allow":["GET"]}}],"collection":[{"href":"https:\/\/aidiessaouira.com\/en\/wp-json\/wp\/v2\/pages"}],"about":[{"href":"https:\/\/aidiessaouira.com\/en\/wp-json\/wp\/v2\/types\/page"}],"author":[{"embeddable":true,"href":"https:\/\/aidiessaouira.com\/en\/wp-json\/wp\/v2\/users\/1"}],"replies":[{"embeddable":true,"href":"https:\/\/aidiessaouira.com\/en\/wp-json\/wp\/v2\/comments?post=3215"}],"version-history":[{"count":138,"href":"https:\/\/aidiessaouira.com\/en\/wp-json\/wp\/v2\/pages\/3215\/revisions"}],"predecessor-version":[{"id":8369,"href":"https:\/\/aidiessaouira.com\/en\/wp-json\/wp\/v2\/pages\/3215\/revisions\/8369"}],"wp:attachment":[{"href":"https:\/\/aidiessaouira.com\/en\/wp-json\/wp\/v2\/media?parent=3215"}],"curies":[{"name":"wp","href":"https:\/\/api.w.org\/{rel}","templated":true}]}}