{"id":7726,"date":"2025-09-09T10:05:20","date_gmt":"2025-09-09T10:05:20","guid":{"rendered":"https:\/\/aidiessaouira.com\/?page_id=7726"},"modified":"2025-09-26T17:09:50","modified_gmt":"2025-09-26T17:09:50","slug":"conditions-generales-de-vente-cgv","status":"publish","type":"page","link":"https:\/\/aidiessaouira.com\/en\/conditions-generales-de-vente-cgv\/","title":{"rendered":"Conditions G\u00e9n\u00e9rales de Vente (CGV)"},"content":{"rendered":"<p><strong>Introduction<\/strong><br>Les pr\u00e9sentes Conditions G\u00e9n\u00e9rales de Vente r\u00e9gissent toutes les ventes de produits et services propos\u00e9es par A\u00efd\u00ef Essaouira via le site internet aidiessaouira.com. En passant commande, le client accepte ces conditions.<\/p>\n\n\n\n<p><strong>Produits et Services<\/strong><br>A\u00efd\u00ef Essaouira propose des accessoires pour chiens, des produits de toilettage et des services de salon. Chaque produit est d\u00e9crit sur le site avec ses caract\u00e9ristiques, son prix et sa disponibilit\u00e9.<\/p>\n\n\n\n<p><strong>Commandes<\/strong><br>Les commandes sont pass\u00e9es en ligne via le site internet.<br>Un e-mail de confirmation est envoy\u00e9 apr\u00e8s validation de la commande.<br>Le passage d\u2019une commande implique l\u2019acceptation des pr\u00e9sentes Conditions G\u00e9n\u00e9rales de Vente.<\/p>\n\n\n\n<p><strong>Prix et Paiement<\/strong><br>Les prix sont indiqu\u00e9s en Dirhams Marocains (MAD), toutes taxes comprises.<br>Le paiement peut \u00eatre effectu\u00e9 par carte bancaire, PayPal ou tout autre moyen propos\u00e9 sur le site.<br>Le r\u00e8glement est exigible au moment de la commande.<\/p>\n\n\n\n<p><strong>Livraison<\/strong><br>Les produits sont livr\u00e9s \u00e0 l\u2019adresse indiqu\u00e9e par le client.<br>Les d\u00e9lais de livraison sont donn\u00e9s \u00e0 titre indicatif et peuvent varier selon les circonstances.<br>Les frais de livraison sont pr\u00e9cis\u00e9s lors du processus de commande.<\/p>\n\n\n\n<p><strong>Droit de R\u00e9tractation<\/strong><br>Conform\u00e9ment \u00e0 la l\u00e9gislation marocaine, le client dispose d\u2019un d\u00e9lai de 7 jours pour se r\u00e9tracter des produits non personnalis\u00e9s.<br>Les produits retourn\u00e9s doivent \u00eatre en parfait \u00e9tat et dans leur emballage d\u2019origine.<\/p>\n\n\n\n<p><strong>Garanties<\/strong><br>Les produits sont couverts par la garantie l\u00e9gale contre les d\u00e9fauts de fabrication.<br>Tout produit d\u00e9fectueux doit \u00eatre signal\u00e9 \u00e0 A\u00efd\u00ef Essaouira pour \u00e9change ou remboursement.<\/p>\n\n\n\n<p><strong>Responsabilit\u00e9<\/strong><br>A\u00efd\u00ef Essaouira ne saurait \u00eatre tenue responsable des dommages r\u00e9sultant d\u2019une mauvaise utilisation des produits.<\/p>\n\n\n\n<p><strong>Droit Applicable<\/strong><br>Les pr\u00e9sentes Conditions G\u00e9n\u00e9rales sont r\u00e9gies par le droit marocain.<br>Tout litige sera soumis aux tribunaux comp\u00e9tents de Casablanca, Maroc.<\/p>","protected":false},"excerpt":{"rendered":"<p>IntroductionLes pr\u00e9sentes Conditions G\u00e9n\u00e9rales de Vente r\u00e9gissent toutes les ventes de produits et services propos\u00e9es par A\u00efd\u00ef Essaouira via le site internet aidiessaouira.com. En passant commande, le client accepte ces conditions. Produits et ServicesA\u00efd\u00ef Essaouira propose des accessoires pour chiens, des produits de toilettage et des services de salon. Chaque produit est d\u00e9crit sur le [&hellip;]<\/p>","protected":false},"author":1,"featured_media":0,"parent":0,"menu_order":0,"comment_status":"closed","ping_status":"open","template":"","meta":{"om_disable_all_campaigns":false,"_monsterinsights_skip_tracking":false,"_monsterinsights_sitenote_active":false,"_monsterinsights_sitenote_note":"","_monsterinsights_sitenote_category":0,"footnotes":""},"class_list":["post-7726","page","type-page","status-publish","hentry"],"aioseo_notices":[],"_links":{"self":[{"href":"https:\/\/aidiessaouira.com\/en\/wp-json\/wp\/v2\/pages\/7726","targetHints":{"allow":["GET"]}}],"collection":[{"href":"https:\/\/aidiessaouira.com\/en\/wp-json\/wp\/v2\/pages"}],"about":[{"href":"https:\/\/aidiessaouira.com\/en\/wp-json\/wp\/v2\/types\/page"}],"author":[{"embeddable":true,"href":"https:\/\/aidiessaouira.com\/en\/wp-json\/wp\/v2\/users\/1"}],"replies":[{"embeddable":true,"href":"https:\/\/aidiessaouira.com\/en\/wp-json\/wp\/v2\/comments?post=7726"}],"version-history":[{"count":3,"href":"https:\/\/aidiessaouira.com\/en\/wp-json\/wp\/v2\/pages\/7726\/revisions"}],"predecessor-version":[{"id":8307,"href":"https:\/\/aidiessaouira.com\/en\/wp-json\/wp\/v2\/pages\/7726\/revisions\/8307"}],"wp:attachment":[{"href":"https:\/\/aidiessaouira.com\/en\/wp-json\/wp\/v2\/media?parent=7726"}],"curies":[{"name":"wp","href":"https:\/\/api.w.org\/{rel}","templated":true}]}}