{"id":4779,"date":"2023-07-17T11:22:55","date_gmt":"2023-07-17T11:22:55","guid":{"rendered":"https:\/\/morkie.qodeinteractive.com\/?post_type=product&#038;p=4779"},"modified":"2025-11-21T21:43:34","modified_gmt":"2025-11-21T21:43:34","slug":"parfum-anili","status":"publish","type":"product","link":"https:\/\/aidiessaouira.com\/en\/product\/parfum-anili\/","title":{"rendered":"Parfum ANILI"},"content":{"rendered":"<div data-elementor-type=\"wp-post\" data-elementor-id=\"4779\" class=\"elementor elementor-4779\">\n\t\t\t\t<div class=\"elementor-element elementor-element-1ec6bf7c e-flex e-con-boxed e-con e-parent\" data-id=\"1ec6bf7c\" data-element_type=\"container\" data-e-type=\"container\">\n\t\t\t\t\t<div class=\"e-con-inner\">\n\t\t\t\t<div class=\"elementor-element elementor-element-7ebefd31 elementor-widget elementor-widget-text-editor\" data-id=\"7ebefd31\" data-element_type=\"widget\" data-e-type=\"widget\" data-widget_type=\"text-editor.default\">\n\t\t\t\t\t\t\t\t\t<p><span style=\"font-weight: 400;\">Puissant et envo\u00fbtant, <\/span><b>ANILI<\/b><span style=\"font-weight: 400;\"> est une fragrance qui c\u00e9l\u00e8bre l\u2019intensit\u00e9 du <\/span><b>patchouli<\/b><span style=\"font-weight: 400;\">. Ses notes bois\u00e9es et terreuses se m\u00ealent \u00e0 une profondeur \u00e9l\u00e9gante qui laisse une empreinte inoubliable. Id\u00e9al pour les personnalit\u00e9s fortes et singuli\u00e8res, ce parfum d\u00e9voile une aura magn\u00e9tique, parfaite de jour comme de nuit.<\/span><span style=\"font-weight: 400;\"><br \/><\/span>&#8211; <b>Famille olfactive<\/b><span style=\"font-weight: 400;\"> : bois\u00e9e \u2013 chypr\u00e9e<\/span><span style=\"font-weight: 400;\"><br \/><\/span>&#8211; <b>Contenance<\/b><span style=\"font-weight: 400;\"> : flacon spray 50 ml<\/span><span style=\"font-weight: 400;\"><br \/><\/span><\/p>\t\t\t\t\t\t\t\t<\/div>\n\t\t\t\t\t<\/div>\n\t\t\t\t<\/div>\n\t\t\t\t<\/div>","protected":false},"excerpt":{"rendered":"<p><b>ANILI<\/b><span style=\"font-weight: 400;\">, un parfum au <\/span><b>patchouli bois\u00e9 et sensuel<\/b><span style=\"font-weight: 400;\">, qui r\u00e9v\u00e8le des notes profondes et myst\u00e9rieuses.<\/span><\/p>\n<p><span style=\"font-weight: 400;\">\u00a0<\/span><\/p>","protected":false},"featured_media":7102,"template":"","meta":{"om_disable_all_campaigns":false,"_monsterinsights_skip_tracking":false,"_monsterinsights_sitenote_active":false,"_monsterinsights_sitenote_note":"","_monsterinsights_sitenote_category":0},"product_brand":[],"product_cat":[35],"product_tag":[],"class_list":{"0":"post-4779","1":"product","2":"type-product","3":"status-publish","4":"has-post-thumbnail","6":"product_cat-cosmetiques","8":"first","9":"instock","10":"shipping-taxable","11":"purchasable","12":"product-type-simple"},"aioseo_notices":[],"_links":{"self":[{"href":"https:\/\/aidiessaouira.com\/en\/wp-json\/wp\/v2\/product\/4779","targetHints":{"allow":["GET"]}}],"collection":[{"href":"https:\/\/aidiessaouira.com\/en\/wp-json\/wp\/v2\/product"}],"about":[{"href":"https:\/\/aidiessaouira.com\/en\/wp-json\/wp\/v2\/types\/product"}],"version-history":[{"count":13,"href":"https:\/\/aidiessaouira.com\/en\/wp-json\/wp\/v2\/product\/4779\/revisions"}],"predecessor-version":[{"id":7111,"href":"https:\/\/aidiessaouira.com\/en\/wp-json\/wp\/v2\/product\/4779\/revisions\/7111"}],"wp:featuredmedia":[{"embeddable":true,"href":"https:\/\/aidiessaouira.com\/en\/wp-json\/wp\/v2\/media\/7102"}],"wp:attachment":[{"href":"https:\/\/aidiessaouira.com\/en\/wp-json\/wp\/v2\/media?parent=4779"}],"wp:term":[{"taxonomy":"product_brand","embeddable":true,"href":"https:\/\/aidiessaouira.com\/en\/wp-json\/wp\/v2\/product_brand?post=4779"},{"taxonomy":"product_cat","embeddable":true,"href":"https:\/\/aidiessaouira.com\/en\/wp-json\/wp\/v2\/product_cat?post=4779"},{"taxonomy":"product_tag","embeddable":true,"href":"https:\/\/aidiessaouira.com\/en\/wp-json\/wp\/v2\/product_tag?post=4779"}],"curies":[{"name":"wp","href":"https:\/\/api.w.org\/{rel}","templated":true}]}}