{"id":4782,"date":"2023-07-17T11:24:28","date_gmt":"2023-07-17T11:24:28","guid":{"rendered":"https:\/\/morkie.qodeinteractive.com\/?post_type=product&#038;p=4782"},"modified":"2025-11-21T21:24:29","modified_gmt":"2025-11-21T21:24:29","slug":"shampoing-argan","status":"publish","type":"product","link":"https:\/\/aidiessaouira.com\/en\/product\/shampoing-argan\/","title":{"rendered":"Shampoing Argan"},"content":{"rendered":"<p><span style=\"font-weight: 400;\">Prenez soin du pelage de votre compagnon avec notre <\/span><b>shampoing \u00e0 l\u2019huile d\u2019argan<\/b><span style=\"font-weight: 400;\">. Riche en propri\u00e9t\u00e9s nourrissantes et hydratantes, il nettoie en douceur tout en respectant la peau sensible des chiens.<\/span><\/p>\n<p><span style=\"font-weight: 400;\">L\u2019huile d\u2019argan, v\u00e9ritable tr\u00e9sor naturel, apporte brillance, souplesse et douceur au poil, tout en aidant \u00e0 r\u00e9duire les n\u0153uds et les frisottis. Adapt\u00e9 \u00e0 tous types de pelages, ce shampoing laisse une odeur agr\u00e9able et un toucher soyeux apr\u00e8s chaque bain.<\/span><\/p>\n<p><b>Caract\u00e9ristiques techniques :<\/b><\/p>\n<ul>\n<li style=\"font-weight: 400;\" aria-level=\"1\"><b>Contenance<\/b><span style=\"font-weight: 400;\"> : 250 ml<\/span><span style=\"font-weight: 400;\">\n<p><\/span><\/li>\n<li style=\"font-weight: 400;\" aria-level=\"1\"><b>Ingr\u00e9dient cl\u00e9<\/b><span style=\"font-weight: 400;\"> : huile d\u2019argan nourrissante et hydratante<\/span><span style=\"font-weight: 400;\">\n<p><\/span><\/li>\n<li style=\"font-weight: 400;\" aria-level=\"1\"><b>Adapt\u00e9 \u00e0<\/b><span style=\"font-weight: 400;\"> : tous types de poils<\/span><span style=\"font-weight: 400;\">\n<p><\/span><\/li>\n<li style=\"font-weight: 400;\" aria-level=\"1\"><b>Bienfaits<\/b><span style=\"font-weight: 400;\"> : brillance, douceur, hydratation, facilite le d\u00e9m\u00ealage<\/span><span style=\"font-weight: 400;\"><br \/>\n<\/span><\/li>\n<\/ul>\n<p><span style=\"font-weight: 400;\">Un soin premium qui transforme le moment du bain en v\u00e9ritable instant de bien-\u00eatre.\u00a0<\/span><\/p>","protected":false},"excerpt":{"rendered":"<p><span style=\"font-weight: 400;\">Un shampoing nourrissant \u00e0 l\u2019huile d\u2019argan, pour un pelage brillant, doux et facile \u00e0 d\u00e9m\u00ealer.<\/span><\/p>","protected":false},"featured_media":8416,"template":"","meta":{"om_disable_all_campaigns":false,"_monsterinsights_skip_tracking":false,"_monsterinsights_sitenote_active":false,"_monsterinsights_sitenote_note":"","_monsterinsights_sitenote_category":0},"product_brand":[],"product_cat":[35],"product_tag":[],"class_list":{"0":"post-4782","1":"product","2":"type-product","3":"status-publish","4":"has-post-thumbnail","6":"product_cat-cosmetiques","8":"first","9":"instock","10":"shipping-taxable","11":"purchasable","12":"product-type-simple"},"aioseo_notices":[],"_links":{"self":[{"href":"https:\/\/aidiessaouira.com\/en\/wp-json\/wp\/v2\/product\/4782","targetHints":{"allow":["GET"]}}],"collection":[{"href":"https:\/\/aidiessaouira.com\/en\/wp-json\/wp\/v2\/product"}],"about":[{"href":"https:\/\/aidiessaouira.com\/en\/wp-json\/wp\/v2\/types\/product"}],"version-history":[{"count":4,"href":"https:\/\/aidiessaouira.com\/en\/wp-json\/wp\/v2\/product\/4782\/revisions"}],"predecessor-version":[{"id":7126,"href":"https:\/\/aidiessaouira.com\/en\/wp-json\/wp\/v2\/product\/4782\/revisions\/7126"}],"wp:featuredmedia":[{"embeddable":true,"href":"https:\/\/aidiessaouira.com\/en\/wp-json\/wp\/v2\/media\/8416"}],"wp:attachment":[{"href":"https:\/\/aidiessaouira.com\/en\/wp-json\/wp\/v2\/media?parent=4782"}],"wp:term":[{"taxonomy":"product_brand","embeddable":true,"href":"https:\/\/aidiessaouira.com\/en\/wp-json\/wp\/v2\/product_brand?post=4782"},{"taxonomy":"product_cat","embeddable":true,"href":"https:\/\/aidiessaouira.com\/en\/wp-json\/wp\/v2\/product_cat?post=4782"},{"taxonomy":"product_tag","embeddable":true,"href":"https:\/\/aidiessaouira.com\/en\/wp-json\/wp\/v2\/product_tag?post=4782"}],"curies":[{"name":"wp","href":"https:\/\/api.w.org\/{rel}","templated":true}]}}