{"id":7099,"date":"2025-08-26T10:38:31","date_gmt":"2025-08-26T10:38:31","guid":{"rendered":"https:\/\/aidiessaouira.com\/?post_type=product&#038;p=7099"},"modified":"2025-11-21T21:41:35","modified_gmt":"2025-11-21T21:41:35","slug":"parfum-adal","status":"publish","type":"product","link":"https:\/\/aidiessaouira.com\/en\/product\/parfum-adal\/","title":{"rendered":"Parfum ADAL"},"content":{"rendered":"<div data-elementor-type=\"wp-post\" data-elementor-id=\"7099\" class=\"elementor elementor-7099\">\n\t\t\t\t<div class=\"elementor-element elementor-element-1ec6bf7c e-flex e-con-boxed e-con e-parent\" data-id=\"1ec6bf7c\" data-element_type=\"container\" data-e-type=\"container\">\n\t\t\t\t\t<div class=\"e-con-inner\">\n\t\t\t\t<div class=\"elementor-element elementor-element-7ebefd31 elementor-widget elementor-widget-text-editor\" data-id=\"7ebefd31\" data-element_type=\"widget\" data-e-type=\"widget\" data-widget_type=\"text-editor.default\">\n\t\t\t\t\t\t\t\t\t<p><span style=\"font-weight: 400;\">\u00a0Doux et r\u00e9confortant, <\/span><b>ADAL<\/b><span style=\"font-weight: 400;\"> illumine chaque instant avec la fra\u00eecheur et la chaleur des <\/span><b>fleurs d\u2019oranger<\/b><span style=\"font-weight: 400;\">. Sa fragrance solaire \u00e9veille les sens et apporte une sensation de bien-\u00eatre et de l\u00e9g\u00e8ret\u00e9. Id\u00e9al pour les amateurs de senteurs apaisantes et lumineuses, il se porte au quotidien comme une seconde peau.<\/span><span style=\"font-weight: 400;\"><br \/><\/span><span style=\"font-weight: 400;\"> &#8211;\u00a0 <\/span><b>Famille olfactive<\/b><span style=\"font-weight: 400;\"> : florale \u2013 hesp\u00e9rid\u00e9e<\/span><span style=\"font-weight: 400;\"><br \/><\/span>&#8211; <b>Contenance<\/b><span style=\"font-weight: 400;\"> : flacon spray 50 ml<\/span><span style=\"font-weight: 400;\"><br \/><\/span><\/p>\t\t\t\t\t\t\t\t<\/div>\n\t\t\t\t\t<\/div>\n\t\t\t\t<\/div>\n\t\t\t\t<\/div>","protected":false},"excerpt":{"rendered":"<p><span style=\"font-weight: 400;\">\u00a0<\/span><b>ADAL<\/b><span style=\"font-weight: 400;\">, une fragrance lumineuse aux <\/span><b>notes fra\u00eeches de fleurs d\u2019oranger<\/b><span style=\"font-weight: 400;\">, symbole de puret\u00e9 et de s\u00e9r\u00e9nit\u00e9.<\/span><\/p>\n<p><span style=\"font-weight: 400;\">\u00a0<\/span><\/p>","protected":false},"featured_media":7122,"template":"","meta":{"om_disable_all_campaigns":false,"_monsterinsights_skip_tracking":false,"_monsterinsights_sitenote_active":false,"_monsterinsights_sitenote_note":"","_monsterinsights_sitenote_category":0},"product_brand":[],"product_cat":[35],"product_tag":[],"class_list":{"0":"post-7099","1":"product","2":"type-product","3":"status-publish","4":"has-post-thumbnail","6":"product_cat-cosmetiques","8":"first","9":"instock","10":"shipping-taxable","11":"purchasable","12":"product-type-simple"},"aioseo_notices":[],"_links":{"self":[{"href":"https:\/\/aidiessaouira.com\/en\/wp-json\/wp\/v2\/product\/7099","targetHints":{"allow":["GET"]}}],"collection":[{"href":"https:\/\/aidiessaouira.com\/en\/wp-json\/wp\/v2\/product"}],"about":[{"href":"https:\/\/aidiessaouira.com\/en\/wp-json\/wp\/v2\/types\/product"}],"version-history":[{"count":6,"href":"https:\/\/aidiessaouira.com\/en\/wp-json\/wp\/v2\/product\/7099\/revisions"}],"predecessor-version":[{"id":8425,"href":"https:\/\/aidiessaouira.com\/en\/wp-json\/wp\/v2\/product\/7099\/revisions\/8425"}],"wp:featuredmedia":[{"embeddable":true,"href":"https:\/\/aidiessaouira.com\/en\/wp-json\/wp\/v2\/media\/7122"}],"wp:attachment":[{"href":"https:\/\/aidiessaouira.com\/en\/wp-json\/wp\/v2\/media?parent=7099"}],"wp:term":[{"taxonomy":"product_brand","embeddable":true,"href":"https:\/\/aidiessaouira.com\/en\/wp-json\/wp\/v2\/product_brand?post=7099"},{"taxonomy":"product_cat","embeddable":true,"href":"https:\/\/aidiessaouira.com\/en\/wp-json\/wp\/v2\/product_cat?post=7099"},{"taxonomy":"product_tag","embeddable":true,"href":"https:\/\/aidiessaouira.com\/en\/wp-json\/wp\/v2\/product_tag?post=7099"}],"curies":[{"name":"wp","href":"https:\/\/api.w.org\/{rel}","templated":true}]}}