{"id":7112,"date":"2025-08-26T10:41:56","date_gmt":"2025-08-26T10:41:56","guid":{"rendered":"https:\/\/aidiessaouira.com\/?post_type=product&#038;p=7112"},"modified":"2025-11-21T21:25:34","modified_gmt":"2025-11-21T21:25:34","slug":"parfum-atlay","status":"publish","type":"product","link":"https:\/\/aidiessaouira.com\/en\/product\/parfum-atlay\/","title":{"rendered":"Parfum ATLAY"},"content":{"rendered":"<div data-elementor-type=\"wp-post\" data-elementor-id=\"7112\" class=\"elementor elementor-7112\">\n\t\t\t\t<div class=\"elementor-element elementor-element-1ec6bf7c e-flex e-con-boxed e-con e-parent\" data-id=\"1ec6bf7c\" data-element_type=\"container\" data-e-type=\"container\">\n\t\t\t\t\t<div class=\"e-con-inner\">\n\t\t\t\t<div class=\"elementor-element elementor-element-7ebefd31 elementor-widget elementor-widget-text-editor\" data-id=\"7ebefd31\" data-element_type=\"widget\" data-e-type=\"widget\" data-widget_type=\"text-editor.default\">\n\t\t\t\t\t\t\t\t\t<p><span style=\"font-weight: 400;\">\u00a0Avec <b style=\"font-weight: 400;\">ATLAY<\/b>, la rose s\u2019\u00e9panouit en un parfum d\u00e9licat, romantique et intemporel. Ses notes florales subtiles traduisent la douceur et l\u2019\u00e9l\u00e9gance, id\u00e9ales pour celles et ceux qui aiment les senteurs raffin\u00e9es et po\u00e9tiques. Un v\u00e9ritable hommage \u00e0 la f\u00e9minit\u00e9 et \u00e0 la beaut\u00e9 universelle de la fleur reine.<br \/>&#8211; <b style=\"font-weight: 400;\">Famille olfactive<\/b> : florale<br \/>&#8211; <b style=\"font-weight: 400;\">Contenance<\/b> : flacon spray 50 ml<br \/><\/span><\/p>\t\t\t\t\t\t\t\t<\/div>\n\t\t\t\t\t<\/div>\n\t\t\t\t<\/div>\n\t\t\t\t<\/div>","protected":false},"excerpt":{"rendered":"<p><span style=\"font-weight: 400;\">\u00a0<\/span><b>ATLAY<\/b><span style=\"font-weight: 400;\">, une fragrance florale o\u00f9 la <\/span><b>rose<\/b><span style=\"font-weight: 400;\"> s\u2019exprime dans toute sa d\u00e9licatesse et son raffinement.<\/span><\/p>","protected":false},"featured_media":7100,"template":"","meta":{"om_disable_all_campaigns":false,"_monsterinsights_skip_tracking":false,"_monsterinsights_sitenote_active":false,"_monsterinsights_sitenote_note":"","_monsterinsights_sitenote_category":0},"product_brand":[],"product_cat":[35],"product_tag":[],"class_list":{"0":"post-7112","1":"product","2":"type-product","3":"status-publish","4":"has-post-thumbnail","6":"product_cat-cosmetiques","8":"first","9":"instock","10":"shipping-taxable","11":"purchasable","12":"product-type-simple"},"aioseo_notices":[],"_links":{"self":[{"href":"https:\/\/aidiessaouira.com\/en\/wp-json\/wp\/v2\/product\/7112","targetHints":{"allow":["GET"]}}],"collection":[{"href":"https:\/\/aidiessaouira.com\/en\/wp-json\/wp\/v2\/product"}],"about":[{"href":"https:\/\/aidiessaouira.com\/en\/wp-json\/wp\/v2\/types\/product"}],"version-history":[{"count":4,"href":"https:\/\/aidiessaouira.com\/en\/wp-json\/wp\/v2\/product\/7112\/revisions"}],"predecessor-version":[{"id":7116,"href":"https:\/\/aidiessaouira.com\/en\/wp-json\/wp\/v2\/product\/7112\/revisions\/7116"}],"wp:featuredmedia":[{"embeddable":true,"href":"https:\/\/aidiessaouira.com\/en\/wp-json\/wp\/v2\/media\/7100"}],"wp:attachment":[{"href":"https:\/\/aidiessaouira.com\/en\/wp-json\/wp\/v2\/media?parent=7112"}],"wp:term":[{"taxonomy":"product_brand","embeddable":true,"href":"https:\/\/aidiessaouira.com\/en\/wp-json\/wp\/v2\/product_brand?post=7112"},{"taxonomy":"product_cat","embeddable":true,"href":"https:\/\/aidiessaouira.com\/en\/wp-json\/wp\/v2\/product_cat?post=7112"},{"taxonomy":"product_tag","embeddable":true,"href":"https:\/\/aidiessaouira.com\/en\/wp-json\/wp\/v2\/product_tag?post=7112"}],"curies":[{"name":"wp","href":"https:\/\/api.w.org\/{rel}","templated":true}]}}