{"id":7117,"date":"2025-08-26T10:43:23","date_gmt":"2025-08-26T10:43:23","guid":{"rendered":"https:\/\/aidiessaouira.com\/?post_type=product&#038;p=7117"},"modified":"2025-11-21T21:30:02","modified_gmt":"2025-11-21T21:30:02","slug":"parfum-awray","status":"publish","type":"product","link":"https:\/\/aidiessaouira.com\/en\/product\/parfum-awray\/","title":{"rendered":"Parfum AWRAY"},"content":{"rendered":"<div data-elementor-type=\"wp-post\" data-elementor-id=\"7117\" class=\"elementor elementor-7117\">\n\t\t\t\t<div class=\"elementor-element elementor-element-1ec6bf7c e-flex e-con-boxed e-con e-parent\" data-id=\"1ec6bf7c\" data-element_type=\"container\" data-e-type=\"container\">\n\t\t\t\t\t<div class=\"e-con-inner\">\n\t\t\t\t<div class=\"elementor-element elementor-element-7ebefd31 elementor-widget elementor-widget-text-editor\" data-id=\"7ebefd31\" data-element_type=\"widget\" data-e-type=\"widget\" data-widget_type=\"text-editor.default\">\n\t\t\t\t\t\t\t\t\t<p><span style=\"font-weight: 400;\">\u00a0\u00c9l\u00e9gant et enivrant, <\/span><b>AWRAY<\/b><span style=\"font-weight: 400;\"> d\u00e9voile la richesse olfactive du <\/span><b>oud<\/b><span style=\"font-weight: 400;\"> : profond, chaleureux et puissant. Cette fragrance orientale incarne le raffinement et la force, id\u00e9ale pour ceux qui aiment laisser derri\u00e8re eux une empreinte audacieuse et sophistiqu\u00e9e. V\u00e9ritable voyage sensoriel, <\/span><b>AWRAY<\/b><span style=\"font-weight: 400;\"> est le parfum des \u00e2mes charismatiques.<\/span><span style=\"font-weight: 400;\"><br \/><\/span>&#8211; <b>Famille olfactive<\/b><span style=\"font-weight: 400;\"> : bois\u00e9e \u2013 orientale<\/span><span style=\"font-weight: 400;\"><br \/><\/span><span style=\"font-weight: 400;\"> &#8211;\u00a0 <\/span><b>Contenance<\/b><span style=\"font-weight: 400;\"> : flacon spray 50 ml<\/span><span style=\"font-weight: 400;\"><br \/><\/span><\/p><p><span style=\"font-weight: 400;\">\u00a0<\/span><\/p>\t\t\t\t\t\t\t\t<\/div>\n\t\t\t\t\t<\/div>\n\t\t\t\t<\/div>\n\t\t\t\t<\/div>","protected":false},"excerpt":{"rendered":"<p><span style=\"font-weight: 400;\">\u00a0<\/span><b>AWRAY<\/b><span style=\"font-weight: 400;\">, un parfum intense aux notes <\/span><b>bois\u00e9es d\u2019oud<\/b><span style=\"font-weight: 400;\">, symbole de myst\u00e8re et de caract\u00e8re.<\/span><\/p>","protected":false},"featured_media":7123,"template":"","meta":{"om_disable_all_campaigns":false,"_monsterinsights_skip_tracking":false,"_monsterinsights_sitenote_active":false,"_monsterinsights_sitenote_note":"","_monsterinsights_sitenote_category":0},"product_brand":[],"product_cat":[35],"product_tag":[],"class_list":{"0":"post-7117","1":"product","2":"type-product","3":"status-publish","4":"has-post-thumbnail","6":"product_cat-cosmetiques","8":"first","9":"instock","10":"shipping-taxable","11":"purchasable","12":"product-type-simple"},"aioseo_notices":[],"_links":{"self":[{"href":"https:\/\/aidiessaouira.com\/en\/wp-json\/wp\/v2\/product\/7117","targetHints":{"allow":["GET"]}}],"collection":[{"href":"https:\/\/aidiessaouira.com\/en\/wp-json\/wp\/v2\/product"}],"about":[{"href":"https:\/\/aidiessaouira.com\/en\/wp-json\/wp\/v2\/types\/product"}],"version-history":[{"count":5,"href":"https:\/\/aidiessaouira.com\/en\/wp-json\/wp\/v2\/product\/7117\/revisions"}],"predecessor-version":[{"id":7124,"href":"https:\/\/aidiessaouira.com\/en\/wp-json\/wp\/v2\/product\/7117\/revisions\/7124"}],"wp:featuredmedia":[{"embeddable":true,"href":"https:\/\/aidiessaouira.com\/en\/wp-json\/wp\/v2\/media\/7123"}],"wp:attachment":[{"href":"https:\/\/aidiessaouira.com\/en\/wp-json\/wp\/v2\/media?parent=7117"}],"wp:term":[{"taxonomy":"product_brand","embeddable":true,"href":"https:\/\/aidiessaouira.com\/en\/wp-json\/wp\/v2\/product_brand?post=7117"},{"taxonomy":"product_cat","embeddable":true,"href":"https:\/\/aidiessaouira.com\/en\/wp-json\/wp\/v2\/product_cat?post=7117"},{"taxonomy":"product_tag","embeddable":true,"href":"https:\/\/aidiessaouira.com\/en\/wp-json\/wp\/v2\/product_tag?post=7117"}],"curies":[{"name":"wp","href":"https:\/\/api.w.org\/{rel}","templated":true}]}}