{"id":7128,"date":"2025-08-26T10:50:27","date_gmt":"2025-08-26T10:50:27","guid":{"rendered":"https:\/\/aidiessaouira.com\/?post_type=product&#038;p=7128"},"modified":"2026-04-03T08:17:55","modified_gmt":"2026-04-03T08:17:55","slug":"collier-laisse","status":"publish","type":"product","link":"https:\/\/aidiessaouira.com\/en\/product\/collier-laisse\/","title":{"rendered":"Collier &#038; Laisse"},"content":{"rendered":"<div data-elementor-type=\"wp-post\" data-elementor-id=\"7128\" class=\"elementor elementor-7128\">\n\t\t\t\t<div class=\"elementor-element elementor-element-1ec6bf7c e-flex e-con-boxed e-con e-parent\" data-id=\"1ec6bf7c\" data-element_type=\"container\" data-e-type=\"container\">\n\t\t\t\t\t<div class=\"e-con-inner\">\n\t\t\t\t<div class=\"elementor-element elementor-element-7ebefd31 elementor-widget elementor-widget-text-editor\" data-id=\"7ebefd31\" data-element_type=\"widget\" data-e-type=\"widget\" data-widget_type=\"text-editor.default\">\n\t\t\t\t\t\t\t\t\t<p><span style=\"font-weight: 400;\">Nos <\/span><b>colliers et laisses pour chien<\/b><span style=\"font-weight: 400;\"> sont con\u00e7us pour offrir le parfait \u00e9quilibre entre <\/span><b>confort, solidit\u00e9 et design<\/b><span style=\"font-weight: 400;\">. Fabriqu\u00e9s \u00e0 partir de mat\u00e9riaux de qualit\u00e9 (nylon r\u00e9sistant, tissus durables et mercerie en aluminium), ils garantissent une s\u00e9curit\u00e9 optimale au quotidien.<\/span><\/p><p><span style=\"font-weight: 400;\">Chaque collier est r\u00e9glable et disponible en plusieurs tailles afin de s\u2019adapter \u00e0 toutes les morphologies, du petit chien \u00e9nergique au grand compagnon plein de force. La laisse assortie, d\u2019une longueur id\u00e9ale de 1,20 m, vous assure une bonne ma\u00eetrise tout en laissant de la libert\u00e9 \u00e0 votre chien lors de vos promenades.<\/span><\/p><ul><li style=\"font-weight: 400;\" aria-level=\"1\"><b>Colliers disponibles en 4 tailles :<\/b><b><br \/><\/b><ul><li style=\"font-weight: 400;\" aria-level=\"2\"><b>S<\/b><span style=\"font-weight: 400;\"> : 20 \u2013 33 cm<\/span><span style=\"font-weight: 400;\"><br \/><\/span><\/li><li style=\"font-weight: 400;\" aria-level=\"2\"><b>M<\/b><span style=\"font-weight: 400;\"> : 33 \u2013 48 cm<\/span><span style=\"font-weight: 400;\"><br \/><\/span><\/li><li style=\"font-weight: 400;\" aria-level=\"2\"><b>L<\/b><span style=\"font-weight: 400;\"> : 48 \u2013 55 cm<\/span><span style=\"font-weight: 400;\"><br \/><\/span><\/li><li style=\"font-weight: 400;\" aria-level=\"2\"><b>XL<\/b><span style=\"font-weight: 400;\"> : 55 \u2013 66 cm<\/span><span style=\"font-weight: 400;\"><br \/><\/span><\/li><\/ul><\/li><li style=\"font-weight: 400;\" aria-level=\"1\"><b>Laisse<\/b><span style=\"font-weight: 400;\"> : longueur 1,20 m<\/span><span style=\"font-weight: 400;\"><br \/><\/span><\/li><li style=\"font-weight: 400;\" aria-level=\"1\"><b>Couleurs disponibles<\/b><span style=\"font-weight: 400;\"> : noir &amp; blanc, rouge, jaune, bleu, vert<\/span><span style=\"font-weight: 400;\"><br \/><\/span><\/li><li style=\"font-weight: 400;\" aria-level=\"1\"><b>Mati\u00e8res<\/b><span style=\"font-weight: 400;\"> : nylon solide, tissus, mercerie en aluminium<\/span><span style=\"font-weight: 400;\"><br \/><\/span><\/li><li style=\"font-weight: 400;\" aria-level=\"1\"><b>D\u00e9tails inclus<\/b><span style=\"font-weight: 400;\"> : m\u00e9dailles avec logo<\/span><span style=\"font-weight: 400;\"><br \/><\/span><\/li><\/ul><p><span style=\"font-weight: 400;\">Un ensemble indispensable qui allie <b>praticit\u00e9, confort et style<\/b> pour accompagner toutes vos balades avec votre fid\u00e8le compagnon.<\/span><\/p>\t\t\t\t\t\t\t\t<\/div>\n\t\t\t\t\t<\/div>\n\t\t\t\t<\/div>\n\t\t\t\t<\/div>","protected":false},"excerpt":{"rendered":"<p><span style=\"font-weight: 400;\">Des colliers et laisses robustes et styl\u00e9s pour votre compagnon \u00e0 quatre pattes. Disponibles en plusieurs tailles et coloris pour allier confort, s\u00e9curit\u00e9 et \u00e9l\u00e9gance.<\/span><\/p>","protected":false},"featured_media":8424,"template":"","meta":{"om_disable_all_campaigns":false,"_monsterinsights_skip_tracking":false,"_monsterinsights_sitenote_active":false,"_monsterinsights_sitenote_note":"","_monsterinsights_sitenote_category":0},"product_brand":[],"product_cat":[36],"product_tag":[],"class_list":{"0":"post-7128","1":"product","2":"type-product","3":"status-publish","4":"has-post-thumbnail","6":"product_cat-accessoires","8":"first","9":"outofstock","10":"shipping-taxable","11":"purchasable","12":"product-type-variable","13":"has-default-attributes"},"aioseo_notices":[],"_links":{"self":[{"href":"https:\/\/aidiessaouira.com\/en\/wp-json\/wp\/v2\/product\/7128","targetHints":{"allow":["GET"]}}],"collection":[{"href":"https:\/\/aidiessaouira.com\/en\/wp-json\/wp\/v2\/product"}],"about":[{"href":"https:\/\/aidiessaouira.com\/en\/wp-json\/wp\/v2\/types\/product"}],"version-history":[{"count":9,"href":"https:\/\/aidiessaouira.com\/en\/wp-json\/wp\/v2\/product\/7128\/revisions"}],"predecessor-version":[{"id":8422,"href":"https:\/\/aidiessaouira.com\/en\/wp-json\/wp\/v2\/product\/7128\/revisions\/8422"}],"wp:featuredmedia":[{"embeddable":true,"href":"https:\/\/aidiessaouira.com\/en\/wp-json\/wp\/v2\/media\/8424"}],"wp:attachment":[{"href":"https:\/\/aidiessaouira.com\/en\/wp-json\/wp\/v2\/media?parent=7128"}],"wp:term":[{"taxonomy":"product_brand","embeddable":true,"href":"https:\/\/aidiessaouira.com\/en\/wp-json\/wp\/v2\/product_brand?post=7128"},{"taxonomy":"product_cat","embeddable":true,"href":"https:\/\/aidiessaouira.com\/en\/wp-json\/wp\/v2\/product_cat?post=7128"},{"taxonomy":"product_tag","embeddable":true,"href":"https:\/\/aidiessaouira.com\/en\/wp-json\/wp\/v2\/product_tag?post=7128"}],"curies":[{"name":"wp","href":"https:\/\/api.w.org\/{rel}","templated":true}]}}