{"id":7161,"date":"2025-08-26T11:14:58","date_gmt":"2025-08-26T11:14:58","guid":{"rendered":"https:\/\/aidiessaouira.com\/?post_type=product&#038;p=7161"},"modified":"2025-10-03T14:13:33","modified_gmt":"2025-10-03T14:13:33","slug":"gamelle","status":"publish","type":"product","link":"https:\/\/aidiessaouira.com\/en\/product\/gamelle\/","title":{"rendered":"Gamelle"},"content":{"rendered":"<div data-elementor-type=\"wp-post\" data-elementor-id=\"7161\" class=\"elementor elementor-7161\">\n\t\t\t\t<div class=\"elementor-element elementor-element-1ec6bf7c e-flex e-con-boxed e-con e-parent\" data-id=\"1ec6bf7c\" data-element_type=\"container\" data-e-type=\"container\">\n\t\t\t\t\t<div class=\"e-con-inner\">\n\t\t\t\t<div class=\"elementor-element elementor-element-7ebefd31 elementor-widget elementor-widget-text-editor\" data-id=\"7ebefd31\" data-element_type=\"widget\" data-e-type=\"widget\" data-widget_type=\"text-editor.default\">\n\t\t\t\t\t\t\t\t\t<p><span style=\"font-weight: 400;\">Nos <\/span><b>gamelles pour chien en poterie artisanale<\/b><span style=\"font-weight: 400;\"> allient <\/span><b>authenticit\u00e9 et praticit\u00e9<\/b><span style=\"font-weight: 400;\">. Fabriqu\u00e9es \u00e0 la main dans les ateliers de Safi, elles apportent une touche d\u2019\u00e9l\u00e9gance \u00e0 l\u2019espace de repas de votre fid\u00e8le compagnon.<\/span><\/p><p><span style=\"font-weight: 400;\">Chaque pi\u00e8ce est r\u00e9alis\u00e9e avec soin, ce qui en fait un objet \u00e0 la fois fonctionnel et d\u00e9coratif. Solides, durables et faciles \u00e0 nettoyer, ces gamelles conviennent aussi bien pour l\u2019eau que pour les croquettes.<\/span><\/p><p><span style=\"font-weight: 400;\">\u2728 <\/span><b>Caract\u00e9ristiques techniques :<\/b><\/p><ul><li style=\"font-weight: 400;\" aria-level=\"1\"><b>Fabrication<\/b><span style=\"font-weight: 400;\"> : artisanale, poterie de Safi<\/span><span style=\"font-weight: 400;\"><br \/><\/span><\/li><li style=\"font-weight: 400;\" aria-level=\"1\"><b>Tailles disponibles<\/b><span style=\"font-weight: 400;\"> :<\/span><span style=\"font-weight: 400;\"><br \/><\/span><ul><li style=\"font-weight: 400;\" aria-level=\"2\"><span style=\"font-weight: 400;\">15 cm \/ 6,5 cm \u2192 200 DHS<\/span><span style=\"font-weight: 400;\"><br \/><\/span><\/li><li style=\"font-weight: 400;\" aria-level=\"2\"><span style=\"font-weight: 400;\">20 cm \/ 8,5 cm \u2192 250 DHS<\/span><span style=\"font-weight: 400;\"><br \/><\/span><\/li><\/ul><\/li><li style=\"font-weight: 400;\" aria-level=\"1\"><b>Couleurs<\/b><span style=\"font-weight: 400;\"> : blanc, noir, bleu, rouge, jaune, vert<\/span><span style=\"font-weight: 400;\"><br \/><\/span><\/li><li style=\"font-weight: 400;\" aria-level=\"1\"><b>Mati\u00e8re<\/b><span style=\"font-weight: 400;\"> : poterie \u00e9maill\u00e9e, robuste et hygi\u00e9nique<\/span><span style=\"font-weight: 400;\"><br \/><\/span><\/li><li style=\"font-weight: 400;\" aria-level=\"1\"><b>Entretien<\/b><span style=\"font-weight: 400;\"> : facile \u00e0 laver \u00e0 la main<\/span><span style=\"font-weight: 400;\"><br \/><\/span><\/li><\/ul><p><span style=\"font-weight: 400;\">Un accessoire utile qui sublime aussi votre int\u00e9rieur, tout en offrant confort et s\u00e9curit\u00e9 \u00e0 votre chien.<\/span><\/p>\t\t\t\t\t\t\t\t<\/div>\n\t\t\t\t\t<\/div>\n\t\t\t\t<\/div>\n\t\t\t\t<\/div>","protected":false},"excerpt":{"rendered":"<p><span style=\"font-weight: 400;\">Offrez \u00e0 votre compagnon une gamelle \u00e9l\u00e9gante et unique, faite \u00e0 la main \u00e0 Safi. Disponible en 2 tailles et 6 couleurs vibrantes.<\/span><\/p>","protected":false},"featured_media":8382,"template":"","meta":{"om_disable_all_campaigns":false,"_monsterinsights_skip_tracking":false,"_monsterinsights_sitenote_active":false,"_monsterinsights_sitenote_note":"","_monsterinsights_sitenote_category":0},"product_brand":[],"product_cat":[49],"product_tag":[],"class_list":{"0":"post-7161","1":"product","2":"type-product","3":"status-publish","4":"has-post-thumbnail","6":"product_cat-couchage-confort","8":"first","9":"instock","10":"shipping-taxable","11":"purchasable","12":"product-type-variable","13":"has-default-attributes"},"aioseo_notices":[],"_links":{"self":[{"href":"https:\/\/aidiessaouira.com\/en\/wp-json\/wp\/v2\/product\/7161","targetHints":{"allow":["GET"]}}],"collection":[{"href":"https:\/\/aidiessaouira.com\/en\/wp-json\/wp\/v2\/product"}],"about":[{"href":"https:\/\/aidiessaouira.com\/en\/wp-json\/wp\/v2\/types\/product"}],"version-history":[{"count":8,"href":"https:\/\/aidiessaouira.com\/en\/wp-json\/wp\/v2\/product\/7161\/revisions"}],"predecessor-version":[{"id":7226,"href":"https:\/\/aidiessaouira.com\/en\/wp-json\/wp\/v2\/product\/7161\/revisions\/7226"}],"wp:featuredmedia":[{"embeddable":true,"href":"https:\/\/aidiessaouira.com\/en\/wp-json\/wp\/v2\/media\/8382"}],"wp:attachment":[{"href":"https:\/\/aidiessaouira.com\/en\/wp-json\/wp\/v2\/media?parent=7161"}],"wp:term":[{"taxonomy":"product_brand","embeddable":true,"href":"https:\/\/aidiessaouira.com\/en\/wp-json\/wp\/v2\/product_brand?post=7161"},{"taxonomy":"product_cat","embeddable":true,"href":"https:\/\/aidiessaouira.com\/en\/wp-json\/wp\/v2\/product_cat?post=7161"},{"taxonomy":"product_tag","embeddable":true,"href":"https:\/\/aidiessaouira.com\/en\/wp-json\/wp\/v2\/product_tag?post=7161"}],"curies":[{"name":"wp","href":"https:\/\/api.w.org\/{rel}","templated":true}]}}