{"id":7181,"date":"2025-08-26T11:18:57","date_gmt":"2025-08-26T11:18:57","guid":{"rendered":"https:\/\/aidiessaouira.com\/?post_type=product&#038;p=7181"},"modified":"2026-04-03T08:16:44","modified_gmt":"2026-04-03T08:16:44","slug":"ramasse-crotte-en-tissus","status":"publish","type":"product","link":"https:\/\/aidiessaouira.com\/en\/product\/ramasse-crotte-en-tissus\/","title":{"rendered":"Ramasse crotte"},"content":{"rendered":"<div data-elementor-type=\"wp-post\" data-elementor-id=\"7181\" class=\"elementor elementor-7181\">\n\t\t\t\t<div class=\"elementor-element elementor-element-1ec6bf7c e-flex e-con-boxed e-con e-parent\" data-id=\"1ec6bf7c\" data-element_type=\"container\" data-e-type=\"container\">\n\t\t\t\t\t<div class=\"e-con-inner\">\n\t\t\t\t<div class=\"elementor-element elementor-element-7ebefd31 elementor-widget elementor-widget-text-editor\" data-id=\"7ebefd31\" data-element_type=\"widget\" data-e-type=\"widget\" data-widget_type=\"text-editor.default\">\n\t\t\t\t\t\t\t\t\t<p class=\"selectable-text copyable-text x15bjb6t x1n2onr6\"><span class=\"selectable-text copyable-text xkrh14z\">Alliez praticit\u00e9 et \u00e9cologie avec notre ramasse-crotte en tissu pour chien. Con\u00e7u pour \u00eatre l\u00e9ger, r\u00e9sistant et facile \u00e0 transporter, il vous accompagne lors de toutes vos sorties avec votre compagnon.<\/span><\/p><p>\u00a0<\/p><p class=\"selectable-text copyable-text x15bjb6t x1n2onr6\"><span class=\"selectable-text copyable-text xkrh14z\">Ce ramasse-crotte contient des sachets en plastique int\u00e9gr\u00e9s, pratiques pour ramasser facilement les d\u00e9jections de votre chien en toute hygi\u00e8ne.<\/span><\/p><p>\u00a0<\/p><p class=\"selectable-text copyable-text x15bjb6t x1n2onr6\"><span class=\"selectable-text copyable-text xkrh14z\">Lavable et r\u00e9utilisable, il repr\u00e9sente une alternative durable aux sacs plastiques jetables, tout en restant discret et esth\u00e9tique gr\u00e2ce \u00e0 ses coloris vari\u00e9s.<\/span><\/p><p>\u00a0<\/p><ul><li style=\"font-weight: 400;\" aria-level=\"1\"><b>Taille<\/b><span style=\"font-weight: 400;\"> : unique\u00a0<\/span><span style=\"font-weight: 400;\"><br \/><\/span><\/li><li style=\"font-weight: 400;\" aria-level=\"1\"><b>Couleurs disponibles<\/b><span style=\"font-weight: 400;\"> : noir, vert, rouge, bleu, jaune<\/span><span style=\"font-weight: 400;\"><br \/><\/span><\/li><li style=\"font-weight: 400;\" aria-level=\"1\"><b>Mati\u00e8re<\/b><span style=\"font-weight: 400;\"> : tissu r\u00e9sistant, lavable et r\u00e9utilisable<\/span><span style=\"font-weight: 400;\"><br \/><\/span><\/li><li style=\"font-weight: 400;\" aria-level=\"1\"><b>Entretien<\/b><span style=\"font-weight: 400;\"> : lavage facile \u00e0 la main ou en machine<\/span><span style=\"font-weight: 400;\"><br \/><\/span><\/li><\/ul><p><span style=\"font-weight: 400;\">Un accessoire simple, \u00e9cologique et indispensable pour les propri\u00e9taires de chiens soucieux de l\u2019environnement.<\/span><\/p>\t\t\t\t\t\t\t\t<\/div>\n\t\t\t\t\t<\/div>\n\t\t\t\t<\/div>\n\t\t\t\t<\/div>","protected":false},"excerpt":{"rendered":"<p><span style=\"font-weight: 400;\">Pratique et r\u00e9utilisable, notre ramasse-crotte en tissu est l\u2019accessoire id\u00e9al pour des balades propres et responsables.<\/span><\/p>","protected":false},"featured_media":8385,"template":"","meta":{"om_disable_all_campaigns":false,"_monsterinsights_skip_tracking":false,"_monsterinsights_sitenote_active":false,"_monsterinsights_sitenote_note":"","_monsterinsights_sitenote_category":0},"product_brand":[],"product_cat":[36],"product_tag":[],"class_list":{"0":"post-7181","1":"product","2":"type-product","3":"status-publish","4":"has-post-thumbnail","6":"product_cat-accessoires","8":"first","9":"instock","10":"shipping-taxable","11":"purchasable","12":"product-type-variable","13":"has-default-attributes"},"aioseo_notices":[],"_links":{"self":[{"href":"https:\/\/aidiessaouira.com\/en\/wp-json\/wp\/v2\/product\/7181","targetHints":{"allow":["GET"]}}],"collection":[{"href":"https:\/\/aidiessaouira.com\/en\/wp-json\/wp\/v2\/product"}],"about":[{"href":"https:\/\/aidiessaouira.com\/en\/wp-json\/wp\/v2\/types\/product"}],"version-history":[{"count":10,"href":"https:\/\/aidiessaouira.com\/en\/wp-json\/wp\/v2\/product\/7181\/revisions"}],"predecessor-version":[{"id":8373,"href":"https:\/\/aidiessaouira.com\/en\/wp-json\/wp\/v2\/product\/7181\/revisions\/8373"}],"wp:featuredmedia":[{"embeddable":true,"href":"https:\/\/aidiessaouira.com\/en\/wp-json\/wp\/v2\/media\/8385"}],"wp:attachment":[{"href":"https:\/\/aidiessaouira.com\/en\/wp-json\/wp\/v2\/media?parent=7181"}],"wp:term":[{"taxonomy":"product_brand","embeddable":true,"href":"https:\/\/aidiessaouira.com\/en\/wp-json\/wp\/v2\/product_brand?post=7181"},{"taxonomy":"product_cat","embeddable":true,"href":"https:\/\/aidiessaouira.com\/en\/wp-json\/wp\/v2\/product_cat?post=7181"},{"taxonomy":"product_tag","embeddable":true,"href":"https:\/\/aidiessaouira.com\/en\/wp-json\/wp\/v2\/product_tag?post=7181"}],"curies":[{"name":"wp","href":"https:\/\/api.w.org\/{rel}","templated":true}]}}